{"id":3146,"date":"2020-11-19T00:38:49","date_gmt":"2020-11-19T03:38:49","guid":{"rendered":"https:\/\/scaledinnovation.in\/ead\/lp-profile-2\/"},"modified":"2020-11-19T00:38:49","modified_gmt":"2020-11-19T03:38:49","slug":"lp-profile-2","status":"publish","type":"page","link":"https:\/\/scaledinnovation.in\/ead\/lp-profile-2\/","title":{"rendered":"Lp Profile"},"content":{"rendered":"","protected":false},"excerpt":{"rendered":"","protected":false},"author":1,"featured_media":0,"parent":0,"menu_order":0,"comment_status":"closed","ping_status":"closed","template":"","meta":{"_uag_custom_page_level_css":""},"yoast_head":"<!-- This site is optimized with the Yoast SEO plugin v20.1 - https:\/\/yoast.com\/wordpress\/plugins\/seo\/ -->\n<title>Lp Profile | Scaled Innovation<\/title>\n<meta name=\"robots\" content=\"index, follow, max-snippet:-1, max-image-preview:large, max-video-preview:-1\" \/>\n<link rel=\"canonical\" href=\"https:\/\/scaledinnovation.in\/ead\/lp-profile-2\/\" \/>\n<meta property=\"og:locale\" content=\"pt_BR\" \/>\n<meta property=\"og:type\" content=\"article\" \/>\n<meta property=\"og:title\" content=\"Lp Profile | Scaled Innovation\" \/>\n<meta property=\"og:url\" content=\"https:\/\/scaledinnovation.in\/ead\/lp-profile-2\/\" \/>\n<meta property=\"og:site_name\" content=\"Scaled Innovation\" \/>\n<meta property=\"article:publisher\" content=\"https:\/\/facebook.com\/adesignstartup\" \/>\n<meta name=\"twitter:card\" content=\"summary_large_image\" \/>\n<meta name=\"twitter:site\" content=\"@ofabiocruz\" \/>\n<script type=\"application\/ld+json\" class=\"yoast-schema-graph\">{\"@context\":\"https:\/\/schema.org\",\"@graph\":[{\"@type\":\"WebPage\",\"@id\":\"https:\/\/scaledinnovation.in\/ead\/lp-profile-2\/\",\"url\":\"https:\/\/scaledinnovation.in\/ead\/lp-profile-2\/\",\"name\":\"Lp Profile | Scaled Innovation\",\"isPartOf\":{\"@id\":\"https:\/\/scaledinnovation.in\/ead\/#website\"},\"datePublished\":\"2020-11-19T03:38:49+00:00\",\"dateModified\":\"2020-11-19T03:38:49+00:00\",\"breadcrumb\":{\"@id\":\"https:\/\/scaledinnovation.in\/ead\/lp-profile-2\/#breadcrumb\"},\"inLanguage\":\"pt-BR\",\"potentialAction\":[{\"@type\":\"ReadAction\",\"target\":[\"https:\/\/scaledinnovation.in\/ead\/lp-profile-2\/\"]}]},{\"@type\":\"BreadcrumbList\",\"@id\":\"https:\/\/scaledinnovation.in\/ead\/lp-profile-2\/#breadcrumb\",\"itemListElement\":[{\"@type\":\"ListItem\",\"position\":1,\"name\":\"In\u00edcio\",\"item\":\"https:\/\/scaledinnovation.in\/ead\/\"},{\"@type\":\"ListItem\",\"position\":2,\"name\":\"Lp Profile\"}]},{\"@type\":\"WebSite\",\"@id\":\"https:\/\/scaledinnovation.in\/ead\/#website\",\"url\":\"https:\/\/scaledinnovation.in\/ead\/\",\"name\":\"Scaled Innovation ADesign Startup\",\"description\":\"Somos uma Edtech de treinamentos e consultoria especializada em Implantar M\u00e9todos \u00c1geis em empresas, cultura de Inova\u00e7\u00e3o, Design Thinking e Sprint, Lean Startup, Agile, OKR, ARM, Scrum, Kanban, XP e Transforma\u00e7\u00e3o Digital.\",\"publisher\":{\"@id\":\"https:\/\/scaledinnovation.in\/ead\/#organization\"},\"potentialAction\":[{\"@type\":\"SearchAction\",\"target\":{\"@type\":\"EntryPoint\",\"urlTemplate\":\"https:\/\/scaledinnovation.in\/ead\/?s={search_term_string}\"},\"query-input\":\"required name=search_term_string\"}],\"inLanguage\":\"pt-BR\"},{\"@type\":\"Organization\",\"@id\":\"https:\/\/scaledinnovation.in\/ead\/#organization\",\"name\":\"Scaled Innovation\",\"url\":\"https:\/\/scaledinnovation.in\/ead\/\",\"logo\":{\"@type\":\"ImageObject\",\"inLanguage\":\"pt-BR\",\"@id\":\"https:\/\/scaledinnovation.in\/ead\/#\/schema\/logo\/image\/\",\"url\":\"https:\/\/scaledinnovation.in\/ead\/wp-content\/uploads\/2019\/11\/1-prjkeeper.jpg\",\"contentUrl\":\"https:\/\/scaledinnovation.in\/ead\/wp-content\/uploads\/2019\/11\/1-prjkeeper.jpg\",\"width\":450,\"height\":252,\"caption\":\"Scaled Innovation\"},\"image\":{\"@id\":\"https:\/\/scaledinnovation.in\/ead\/#\/schema\/logo\/image\/\"},\"sameAs\":[\"https:\/\/facebook.com\/adesignstartup\",\"https:\/\/twitter.com\/ofabiocruz\",\"https:\/\/www.instagram.com\/ofabiocruz\/\",\"https:\/\/www.linkedin.com\/company\/scaledinnovationin\",\"https:\/\/www.youtube.com\/channel\/UCCnglLVuO4RExmsh6k8RHdA\/\"]}]}<\/script>\n<!-- \/ Yoast SEO plugin. -->","yoast_head_json":{"title":"Lp Profile | Scaled Innovation","robots":{"index":"index","follow":"follow","max-snippet":"max-snippet:-1","max-image-preview":"max-image-preview:large","max-video-preview":"max-video-preview:-1"},"canonical":"https:\/\/scaledinnovation.in\/ead\/lp-profile-2\/","og_locale":"pt_BR","og_type":"article","og_title":"Lp Profile | Scaled Innovation","og_url":"https:\/\/scaledinnovation.in\/ead\/lp-profile-2\/","og_site_name":"Scaled Innovation","article_publisher":"https:\/\/facebook.com\/adesignstartup","twitter_card":"summary_large_image","twitter_site":"@ofabiocruz","schema":{"@context":"https:\/\/schema.org","@graph":[{"@type":"WebPage","@id":"https:\/\/scaledinnovation.in\/ead\/lp-profile-2\/","url":"https:\/\/scaledinnovation.in\/ead\/lp-profile-2\/","name":"Lp Profile | Scaled Innovation","isPartOf":{"@id":"https:\/\/scaledinnovation.in\/ead\/#website"},"datePublished":"2020-11-19T03:38:49+00:00","dateModified":"2020-11-19T03:38:49+00:00","breadcrumb":{"@id":"https:\/\/scaledinnovation.in\/ead\/lp-profile-2\/#breadcrumb"},"inLanguage":"pt-BR","potentialAction":[{"@type":"ReadAction","target":["https:\/\/scaledinnovation.in\/ead\/lp-profile-2\/"]}]},{"@type":"BreadcrumbList","@id":"https:\/\/scaledinnovation.in\/ead\/lp-profile-2\/#breadcrumb","itemListElement":[{"@type":"ListItem","position":1,"name":"In\u00edcio","item":"https:\/\/scaledinnovation.in\/ead\/"},{"@type":"ListItem","position":2,"name":"Lp Profile"}]},{"@type":"WebSite","@id":"https:\/\/scaledinnovation.in\/ead\/#website","url":"https:\/\/scaledinnovation.in\/ead\/","name":"Scaled Innovation ADesign Startup","description":"Somos uma Edtech de treinamentos e consultoria especializada em Implantar M\u00e9todos \u00c1geis em empresas, cultura de Inova\u00e7\u00e3o, Design Thinking e Sprint, Lean Startup, Agile, OKR, ARM, Scrum, Kanban, XP e Transforma\u00e7\u00e3o Digital.","publisher":{"@id":"https:\/\/scaledinnovation.in\/ead\/#organization"},"potentialAction":[{"@type":"SearchAction","target":{"@type":"EntryPoint","urlTemplate":"https:\/\/scaledinnovation.in\/ead\/?s={search_term_string}"},"query-input":"required name=search_term_string"}],"inLanguage":"pt-BR"},{"@type":"Organization","@id":"https:\/\/scaledinnovation.in\/ead\/#organization","name":"Scaled Innovation","url":"https:\/\/scaledinnovation.in\/ead\/","logo":{"@type":"ImageObject","inLanguage":"pt-BR","@id":"https:\/\/scaledinnovation.in\/ead\/#\/schema\/logo\/image\/","url":"https:\/\/scaledinnovation.in\/ead\/wp-content\/uploads\/2019\/11\/1-prjkeeper.jpg","contentUrl":"https:\/\/scaledinnovation.in\/ead\/wp-content\/uploads\/2019\/11\/1-prjkeeper.jpg","width":450,"height":252,"caption":"Scaled Innovation"},"image":{"@id":"https:\/\/scaledinnovation.in\/ead\/#\/schema\/logo\/image\/"},"sameAs":["https:\/\/facebook.com\/adesignstartup","https:\/\/twitter.com\/ofabiocruz","https:\/\/www.instagram.com\/ofabiocruz\/","https:\/\/www.linkedin.com\/company\/scaledinnovationin","https:\/\/www.youtube.com\/channel\/UCCnglLVuO4RExmsh6k8RHdA\/"]}]}},"uagb_featured_image_src":{"full":false,"thumbnail":false,"medium":false,"medium_large":false,"large":false,"1536x1536":false,"2048x2048":false,"ocean-thumb-m":false,"ocean-thumb-ml":false,"ocean-thumb-l":false,"woocommerce_thumbnail":false,"woocommerce_single":false,"woocommerce_gallery_thumbnail":false},"uagb_author_info":{"display_name":"adminpk","author_link":"https:\/\/scaledinnovation.in\/ead\/author\/adminpk\/"},"uagb_comment_info":0,"uagb_excerpt":null,"_links":{"self":[{"href":"https:\/\/scaledinnovation.in\/ead\/wp-json\/wp\/v2\/pages\/3146"}],"collection":[{"href":"https:\/\/scaledinnovation.in\/ead\/wp-json\/wp\/v2\/pages"}],"about":[{"href":"https:\/\/scaledinnovation.in\/ead\/wp-json\/wp\/v2\/types\/page"}],"author":[{"embeddable":true,"href":"https:\/\/scaledinnovation.in\/ead\/wp-json\/wp\/v2\/users\/1"}],"replies":[{"embeddable":true,"href":"https:\/\/scaledinnovation.in\/ead\/wp-json\/wp\/v2\/comments?post=3146"}],"version-history":[{"count":0,"href":"https:\/\/scaledinnovation.in\/ead\/wp-json\/wp\/v2\/pages\/3146\/revisions"}],"wp:attachment":[{"href":"https:\/\/scaledinnovation.in\/ead\/wp-json\/wp\/v2\/media?parent=3146"}],"curies":[{"name":"wp","href":"https:\/\/api.w.org\/{rel}","templated":true}]}}