{"id":3713,"date":"2022-07-05T18:56:31","date_gmt":"2022-07-05T21:56:31","guid":{"rendered":"https:\/\/scaledinnovation.in\/ead\/forum\/"},"modified":"2022-07-05T18:56:31","modified_gmt":"2022-07-05T21:56:31","slug":"forum","status":"publish","type":"page","link":"https:\/\/scaledinnovation.in\/ead\/forum\/","title":{"rendered":"Forum"},"content":{"rendered":"<div id=\"af-wrapper\"><div id=\"forum-header\"><div id=\"forum-navigation-mobile\"><a><span class=\"fas fa-bars\"><\/span>Menu<\/a><\/div><span class=\"screen-reader-text\">Navega\u00e7\u00e3o no f\u00f3rum<\/span><div id=\"forum-navigation\"><a class=&quot;home-link&quot; href=\"https:\/\/scaledinnovation.in\/ead\/forum\" target=\"_self\">F\u00f3rum<\/a><a class=&quot;members-link&quot; href=\"https:\/\/scaledinnovation.in\/ead\/forum\/members\/\" target=\"_self\">Membros<\/a><a class=&quot;activity-link&quot; href=\"https:\/\/scaledinnovation.in\/ead\/forum\/activity\/\" target=\"_self\">Atividade<\/a><a class=&quot;login-link&quot; href=\"https:\/\/scaledinnovation.in\/ead\/wp-login.php?redirect_to=https%3A%2F%2Fscaledinnovation.in%2Fead%2Fwp-json%2Fwp%2Fv2%2Fpages%2F3713\" target=\"_self\">Acessar<\/a><a class=&quot;register-link&quot; href=\"https:\/\/scaledinnovation.in\/ead\/wp-login.php?action=register\" target=\"_self\">Cadastrar<\/a><\/div><div id=\"forum-search\"><span class=\"search-icon fas fa-search\"><\/span><form method=\"get\" action=\"https:\/\/scaledinnovation.in\/ead\/forum\/search\/\"><input name=\"keywords\" type=\"search\" placeholder=\"Buscar ...\" value=\"\"><\/form><\/div><div class=\"clear\"><\/div><\/div><div id=\"forum-breadcrumbs\" itemscope itemtype=\"http:\/\/schema.org\/BreadcrumbList\"><span class=\"screen-reader-text\">Caminho de navega\u00e7\u00e3o do f\u00f3rum - Voc\u00ea est\u00e1 aqui:<\/span><span class=\"breadcrumb-icon fas fa-home\"><\/span><span itemprop=\"itemListElement\" itemscope itemtype=\"https:\/\/schema.org\/ListItem\"><a itemprop=\"item\" href=\"https:\/\/scaledinnovation.in\/ead\/forum\" title=\"F\u00f3rum\"><span itemprop=\"name\">F\u00f3rum<\/span><\/a><meta itemprop=\"position\" content=\"1\"><\/span><span class=\"breadcrumb-icon fas fa-chevron-right separator\"><\/span><\/div><h1 class=\"main-title main-title-\">F\u00f3rum<\/h1><div class=\"title-element\" id=\"forum-category-225\">Categoria exemplo<span class=\"last-post-headline\">\u00daltima postagem:<\/span><\/div><div class=\"content-container\"><div class=\"content-element forum\" id=\"forum-1\"><div class=\"forum-status read\"><i class=\"fas fa-comments\"><\/i><\/div><div class=\"forum-name\"><a class=\"forum-title\" href=\"https:\/\/scaledinnovation.in\/ead\/forum\/forum\/primeiro-forum\/\">Scaled Innovation<\/a><small class=\"forum-description\">F\u00f3rum Scaled Innovation<\/small><small class=\"forum-stats\">0 T\u00f3pico&nbsp;&middot;&nbsp;  0 Post \n\n <\/small><small class=\"forum-lastpost-small\"><small class=\"no-topics\">Sem t\u00f3picos ainda!<\/small><\/small><\/div><div class=\"forum-poster\"><small class=\"no-topics\">Sem t\u00f3picos ainda!<\/small><\/div><\/div><\/div><div id=\"read-unread\"><span class=\"indicator unread\"><\/span><span class=\"indicator-label\">Novos posts<\/span><span class=\"indicator read\"><\/span><span class=\"indicator-label\">Nada novo<\/span><span class=\"indicator-label\"><span class=\"fas fa-check\"><\/span><a href=\"https:\/\/scaledinnovation.in\/ead\/forum\/markallread\/\">Marcar todos como lidos<\/a><\/span><span class=\"indicator-label\"><span class=\"fas fa-history\"><\/span><a href=\"https:\/\/scaledinnovation.in\/ead\/forum\/unread\/\">Mostrar t\u00f3picos n\u00e3o lidos<\/a><\/span><div class=\"clear\"><\/div><\/div><div id=\"statistics\"><div class=\"title-element title-element-dark\"><span class=\"title-element-icon fas fa-chart-pie\"><\/span>Estat\u00edsticas<\/div><div id=\"statistics-body\"><div id=\"statistics-elements\"><div class=\"statistics-element\"><div class=\"element-number\"><span class=\"statistics-element-icon far fa-comments\"><\/span>0<\/div><div class=\"element-name\">T\u00f3picos<\/div><\/div><div class=\"statistics-element\"><div class=\"element-number\"><span class=\"statistics-element-icon far fa-comment\"><\/span>0<\/div><div class=\"element-name\">Posts<\/div><\/div><div class=\"statistics-element\"><div class=\"element-number\"><span class=\"statistics-element-icon far fa-eye\"><\/span>0<\/div><div class=\"element-name\">Visualiza\u00e7\u00f5es<\/div><\/div><div class=\"statistics-element\"><div class=\"element-number\"><span class=\"statistics-element-icon far fa-user\"><\/span>20<\/div><div class=\"element-name\">Usu\u00e1rios<\/div><\/div><div class=\"statistics-element\"><div class=\"element-number\"><span class=\"statistics-element-icon far fa-lightbulb\"><\/span>0<\/div><div class=\"element-name\">Online<\/div><\/div><\/div><div id=\"statistics-online-users\"><span class=\"online-users-icon fas fa-user\"><\/span>Membro mais recente:&nbsp;<i><a class=\"profile-link\" href=\"https:\/\/scaledinnovation.in\/ead\/forum\/profile\/thalita-almeida\/\">Thalita Almeida<\/a><\/i>&nbsp;&middot;&nbsp;<span class=\"online-users-icon fas fa-users\"><\/span><i>No momento ningu\u00e9m est\u00e1 online.<\/i><\/div><\/div><div class=\"clear\"><\/div><\/div><div id=\"bottom-navigation\"><\/div><div class=\"clear\"><\/div><\/div>\n","protected":false},"excerpt":{"rendered":"","protected":false},"author":1,"featured_media":0,"parent":0,"menu_order":0,"comment_status":"closed","ping_status":"closed","template":"","meta":{"_uag_custom_page_level_css":""},"yoast_head":"<!-- This site is optimized with the Yoast SEO plugin v20.1 - https:\/\/yoast.com\/wordpress\/plugins\/seo\/ -->\n<title>Forum | Scaled Innovation<\/title>\n<meta name=\"robots\" content=\"index, follow, max-snippet:-1, max-image-preview:large, max-video-preview:-1\" \/>\n<link rel=\"canonical\" href=\"https:\/\/scaledinnovation.in\/ead\/forum\/\" \/>\n<meta property=\"og:locale\" content=\"pt_BR\" \/>\n<meta property=\"og:type\" content=\"article\" \/>\n<meta property=\"og:title\" content=\"Forum | Scaled Innovation\" \/>\n<meta property=\"og:url\" content=\"https:\/\/scaledinnovation.in\/ead\/forum\/\" \/>\n<meta property=\"og:site_name\" content=\"Scaled Innovation\" \/>\n<meta property=\"article:publisher\" content=\"https:\/\/facebook.com\/adesignstartup\" \/>\n<meta name=\"twitter:card\" content=\"summary_large_image\" \/>\n<meta name=\"twitter:site\" content=\"@ofabiocruz\" \/>\n<script type=\"application\/ld+json\" class=\"yoast-schema-graph\">{\"@context\":\"https:\/\/schema.org\",\"@graph\":[{\"@type\":\"WebPage\",\"@id\":\"https:\/\/scaledinnovation.in\/ead\/forum\/\",\"url\":\"https:\/\/scaledinnovation.in\/ead\/forum\/\",\"name\":\"Forum | Scaled Innovation\",\"isPartOf\":{\"@id\":\"https:\/\/scaledinnovation.in\/ead\/#website\"},\"datePublished\":\"2022-07-05T21:56:31+00:00\",\"dateModified\":\"2022-07-05T21:56:31+00:00\",\"breadcrumb\":{\"@id\":\"https:\/\/scaledinnovation.in\/ead\/forum\/#breadcrumb\"},\"inLanguage\":\"pt-BR\",\"potentialAction\":[{\"@type\":\"ReadAction\",\"target\":[\"https:\/\/scaledinnovation.in\/ead\/forum\/\"]}]},{\"@type\":\"BreadcrumbList\",\"@id\":\"https:\/\/scaledinnovation.in\/ead\/forum\/#breadcrumb\",\"itemListElement\":[{\"@type\":\"ListItem\",\"position\":1,\"name\":\"In\u00edcio\",\"item\":\"https:\/\/scaledinnovation.in\/ead\/\"},{\"@type\":\"ListItem\",\"position\":2,\"name\":\"Forum\"}]},{\"@type\":\"WebSite\",\"@id\":\"https:\/\/scaledinnovation.in\/ead\/#website\",\"url\":\"https:\/\/scaledinnovation.in\/ead\/\",\"name\":\"Scaled Innovation ADesign Startup\",\"description\":\"Somos uma Edtech de treinamentos e consultoria especializada em Implantar M\u00e9todos \u00c1geis em empresas, cultura de Inova\u00e7\u00e3o, Design Thinking e Sprint, Lean Startup, Agile, OKR, ARM, Scrum, Kanban, XP e Transforma\u00e7\u00e3o Digital.\",\"publisher\":{\"@id\":\"https:\/\/scaledinnovation.in\/ead\/#organization\"},\"potentialAction\":[{\"@type\":\"SearchAction\",\"target\":{\"@type\":\"EntryPoint\",\"urlTemplate\":\"https:\/\/scaledinnovation.in\/ead\/?s={search_term_string}\"},\"query-input\":\"required name=search_term_string\"}],\"inLanguage\":\"pt-BR\"},{\"@type\":\"Organization\",\"@id\":\"https:\/\/scaledinnovation.in\/ead\/#organization\",\"name\":\"Scaled Innovation\",\"url\":\"https:\/\/scaledinnovation.in\/ead\/\",\"logo\":{\"@type\":\"ImageObject\",\"inLanguage\":\"pt-BR\",\"@id\":\"https:\/\/scaledinnovation.in\/ead\/#\/schema\/logo\/image\/\",\"url\":\"https:\/\/scaledinnovation.in\/ead\/wp-content\/uploads\/2019\/11\/1-prjkeeper.jpg\",\"contentUrl\":\"https:\/\/scaledinnovation.in\/ead\/wp-content\/uploads\/2019\/11\/1-prjkeeper.jpg\",\"width\":450,\"height\":252,\"caption\":\"Scaled Innovation\"},\"image\":{\"@id\":\"https:\/\/scaledinnovation.in\/ead\/#\/schema\/logo\/image\/\"},\"sameAs\":[\"https:\/\/facebook.com\/adesignstartup\",\"https:\/\/twitter.com\/ofabiocruz\",\"https:\/\/www.instagram.com\/ofabiocruz\/\",\"https:\/\/www.linkedin.com\/company\/scaledinnovationin\",\"https:\/\/www.youtube.com\/channel\/UCCnglLVuO4RExmsh6k8RHdA\/\"]}]}<\/script>\n<!-- \/ Yoast SEO plugin. -->","yoast_head_json":{"title":"Forum | Scaled Innovation","robots":{"index":"index","follow":"follow","max-snippet":"max-snippet:-1","max-image-preview":"max-image-preview:large","max-video-preview":"max-video-preview:-1"},"canonical":"https:\/\/scaledinnovation.in\/ead\/forum\/","og_locale":"pt_BR","og_type":"article","og_title":"Forum | Scaled Innovation","og_url":"https:\/\/scaledinnovation.in\/ead\/forum\/","og_site_name":"Scaled Innovation","article_publisher":"https:\/\/facebook.com\/adesignstartup","twitter_card":"summary_large_image","twitter_site":"@ofabiocruz","schema":{"@context":"https:\/\/schema.org","@graph":[{"@type":"WebPage","@id":"https:\/\/scaledinnovation.in\/ead\/forum\/","url":"https:\/\/scaledinnovation.in\/ead\/forum\/","name":"Forum | Scaled Innovation","isPartOf":{"@id":"https:\/\/scaledinnovation.in\/ead\/#website"},"datePublished":"2022-07-05T21:56:31+00:00","dateModified":"2022-07-05T21:56:31+00:00","breadcrumb":{"@id":"https:\/\/scaledinnovation.in\/ead\/forum\/#breadcrumb"},"inLanguage":"pt-BR","potentialAction":[{"@type":"ReadAction","target":["https:\/\/scaledinnovation.in\/ead\/forum\/"]}]},{"@type":"BreadcrumbList","@id":"https:\/\/scaledinnovation.in\/ead\/forum\/#breadcrumb","itemListElement":[{"@type":"ListItem","position":1,"name":"In\u00edcio","item":"https:\/\/scaledinnovation.in\/ead\/"},{"@type":"ListItem","position":2,"name":"Forum"}]},{"@type":"WebSite","@id":"https:\/\/scaledinnovation.in\/ead\/#website","url":"https:\/\/scaledinnovation.in\/ead\/","name":"Scaled Innovation ADesign Startup","description":"Somos uma Edtech de treinamentos e consultoria especializada em Implantar M\u00e9todos \u00c1geis em empresas, cultura de Inova\u00e7\u00e3o, Design Thinking e Sprint, Lean Startup, Agile, OKR, ARM, Scrum, Kanban, XP e Transforma\u00e7\u00e3o Digital.","publisher":{"@id":"https:\/\/scaledinnovation.in\/ead\/#organization"},"potentialAction":[{"@type":"SearchAction","target":{"@type":"EntryPoint","urlTemplate":"https:\/\/scaledinnovation.in\/ead\/?s={search_term_string}"},"query-input":"required name=search_term_string"}],"inLanguage":"pt-BR"},{"@type":"Organization","@id":"https:\/\/scaledinnovation.in\/ead\/#organization","name":"Scaled Innovation","url":"https:\/\/scaledinnovation.in\/ead\/","logo":{"@type":"ImageObject","inLanguage":"pt-BR","@id":"https:\/\/scaledinnovation.in\/ead\/#\/schema\/logo\/image\/","url":"https:\/\/scaledinnovation.in\/ead\/wp-content\/uploads\/2019\/11\/1-prjkeeper.jpg","contentUrl":"https:\/\/scaledinnovation.in\/ead\/wp-content\/uploads\/2019\/11\/1-prjkeeper.jpg","width":450,"height":252,"caption":"Scaled Innovation"},"image":{"@id":"https:\/\/scaledinnovation.in\/ead\/#\/schema\/logo\/image\/"},"sameAs":["https:\/\/facebook.com\/adesignstartup","https:\/\/twitter.com\/ofabiocruz","https:\/\/www.instagram.com\/ofabiocruz\/","https:\/\/www.linkedin.com\/company\/scaledinnovationin","https:\/\/www.youtube.com\/channel\/UCCnglLVuO4RExmsh6k8RHdA\/"]}]}},"uagb_featured_image_src":{"full":false,"thumbnail":false,"medium":false,"medium_large":false,"large":false,"1536x1536":false,"2048x2048":false,"ocean-thumb-m":false,"ocean-thumb-ml":false,"ocean-thumb-l":false,"woocommerce_thumbnail":false,"woocommerce_single":false,"woocommerce_gallery_thumbnail":false},"uagb_author_info":{"display_name":"adminpk","author_link":"https:\/\/scaledinnovation.in\/ead\/author\/adminpk\/"},"uagb_comment_info":0,"uagb_excerpt":null,"_links":{"self":[{"href":"https:\/\/scaledinnovation.in\/ead\/wp-json\/wp\/v2\/pages\/3713"}],"collection":[{"href":"https:\/\/scaledinnovation.in\/ead\/wp-json\/wp\/v2\/pages"}],"about":[{"href":"https:\/\/scaledinnovation.in\/ead\/wp-json\/wp\/v2\/types\/page"}],"author":[{"embeddable":true,"href":"https:\/\/scaledinnovation.in\/ead\/wp-json\/wp\/v2\/users\/1"}],"replies":[{"embeddable":true,"href":"https:\/\/scaledinnovation.in\/ead\/wp-json\/wp\/v2\/comments?post=3713"}],"version-history":[{"count":0,"href":"https:\/\/scaledinnovation.in\/ead\/wp-json\/wp\/v2\/pages\/3713\/revisions"}],"wp:attachment":[{"href":"https:\/\/scaledinnovation.in\/ead\/wp-json\/wp\/v2\/media?parent=3713"}],"curies":[{"name":"wp","href":"https:\/\/api.w.org\/{rel}","templated":true}]}}