{"id":76,"date":"2019-11-17T19:31:16","date_gmt":"2019-11-17T21:31:16","guid":{"rendered":"http:\/\/scaledinnovation.in\/ead\/carrinho\/"},"modified":"2020-08-31T03:02:03","modified_gmt":"2020-08-31T06:02:03","slug":"carrinho","status":"publish","type":"page","link":"https:\/\/scaledinnovation.in\/ead\/carrinho\/","title":{"rendered":"Carrinho"},"content":{"rendered":"\t\t<div data-elementor-type=\"wp-page\" data-elementor-id=\"76\" class=\"elementor elementor-76\">\n\t\t\t\t\t\t<div class=\"elementor-inner\">\n\t\t\t\t<div class=\"elementor-section-wrap\">\n\t\t\t\t\t\t\t\t\t<section class=\"elementor-section elementor-top-section elementor-element elementor-element-40769e6b elementor-section-boxed elementor-section-height-default elementor-section-height-default\" data-id=\"40769e6b\" data-element_type=\"section\">\n\t\t\t\t\t\t<div class=\"elementor-container elementor-column-gap-default\">\n\t\t\t\t\t\t\t<div class=\"elementor-row\">\n\t\t\t\t\t<div class=\"elementor-column elementor-col-100 elementor-top-column elementor-element elementor-element-7572c73d\" data-id=\"7572c73d\" data-element_type=\"column\">\n\t\t\t<div class=\"elementor-column-wrap elementor-element-populated\">\n\t\t\t\t\t\t\t<div class=\"elementor-widget-wrap\">\n\t\t\t\t\t\t<div class=\"elementor-element elementor-element-2af09ed elementor-widget elementor-widget-text-editor\" data-id=\"2af09ed\" data-element_type=\"widget\" data-widget_type=\"text-editor.default\">\n\t\t\t\t<div class=\"elementor-widget-container\">\n\t\t\t\t\t\t\t\t<div class=\"elementor-text-editor elementor-clearfix\">\n\t\t\t\t<!-- wp:shortcode -->\n<div class=\"woocommerce\">\t<p class=\"return-to-shop\">\n\t\t<a class=\"button wc-backward wp-element-button\" href=\"https:\/\/scaledinnovation.in\/ead\/cursos\/\">\n\t\t\tRetornar para a loja\t\t<\/a>\n\t<\/p>\n<\/div>\n<!-- \/wp:shortcode -->\t\t\t\t\t<\/div>\n\t\t\t\t\t\t<\/div>\n\t\t\t\t<\/div>\n\t\t\t\t\t\t<\/div>\n\t\t\t\t\t<\/div>\n\t\t<\/div>\n\t\t\t\t\t\t\t\t<\/div>\n\t\t\t\t\t<\/div>\n\t\t<\/section>\n\t\t\t\t<section class=\"elementor-section elementor-top-section elementor-element elementor-element-aa0f4e5 elementor-section-boxed elementor-section-height-default elementor-section-height-default\" data-id=\"aa0f4e5\" data-element_type=\"section\">\n\t\t\t\t\t\t<div class=\"elementor-container elementor-column-gap-default\">\n\t\t\t\t\t\t\t<div class=\"elementor-row\">\n\t\t\t\t\t<div class=\"elementor-column elementor-col-100 elementor-top-column elementor-element elementor-element-b36d71a\" data-id=\"b36d71a\" data-element_type=\"column\">\n\t\t\t<div class=\"elementor-column-wrap elementor-element-populated\">\n\t\t\t\t\t\t\t<div class=\"elementor-widget-wrap\">\n\t\t\t\t\t\t<div class=\"elementor-element elementor-element-63c516a elementor-widget elementor-widget-testimonial\" data-id=\"63c516a\" data-element_type=\"widget\" data-widget_type=\"testimonial.default\">\n\t\t\t\t<div class=\"elementor-widget-container\">\n\t\t\t\t\t<div class=\"elementor-testimonial-wrapper\">\n\t\t\t\t\t\t\t<div class=\"elementor-testimonial-content\"><b>ProjectKeeper EdTech<\/b><\/div>\n\t\t\t\n\t\t\t\t\t\t<div class=\"elementor-testimonial-meta elementor-has-image elementor-testimonial-image-position-top\">\n\t\t\t\t<div class=\"elementor-testimonial-meta-inner\">\n\t\t\t\t\t\t\t\t\t\t\t<div class=\"elementor-testimonial-image\">\n\t\t\t\t\t\t\t<a href=\"http:\/\/projectkeeper.com.br\/fabio-correa-da-cruz\/\"><img decoding=\"async\" width=\"2560\" height=\"1920\" src=\"https:\/\/scaledinnovation.in\/ead\/wp-content\/uploads\/2019\/11\/IMG-9083-scaled.jpg\" class=\"attachment-full size-full wp-image-137\" alt=\"\" loading=\"lazy\" srcset=\"https:\/\/scaledinnovation.in\/ead\/wp-content\/uploads\/2019\/11\/IMG-9083-scaled.jpg 2560w, https:\/\/scaledinnovation.in\/ead\/wp-content\/uploads\/2019\/11\/IMG-9083-300x225.jpg 300w, https:\/\/scaledinnovation.in\/ead\/wp-content\/uploads\/2019\/11\/IMG-9083-1024x768.jpg 1024w, https:\/\/scaledinnovation.in\/ead\/wp-content\/uploads\/2019\/11\/IMG-9083-768x576.jpg 768w, https:\/\/scaledinnovation.in\/ead\/wp-content\/uploads\/2019\/11\/IMG-9083-1536x1152.jpg 1536w, https:\/\/scaledinnovation.in\/ead\/wp-content\/uploads\/2019\/11\/IMG-9083-2048x1536.jpg 2048w, https:\/\/scaledinnovation.in\/ead\/wp-content\/uploads\/2019\/11\/IMG-9083-600x450.jpg 600w\" sizes=\"(max-width: 2560px) 100vw, 2560px\" \/><\/a>\t\t\t\t\t\t<\/div>\n\t\t\t\t\t\n\t\t\t\t\t\t\t\t\t\t<div class=\"elementor-testimonial-details\">\n\t\t\t\t\t\t\t\t\t\t\t\t\t\t<a class=\"elementor-testimonial-name\" href=\"http:\/\/projectkeeper.com.br\/fabio-correa-da-cruz\/\">Fabio Correa da Cruz<\/a>\n\t\t\t\t\t\t\t\t\t\t\t\t\t\t\t\t\t\t\t\t\t\t<a class=\"elementor-testimonial-job\" href=\"http:\/\/projectkeeper.com.br\/fabio-correa-da-cruz\/\"><a data-elementor-setting-key=\"testimonial_job\" data-elementor-inline-editing-toolbar=\"none\" href=\"http:\/\/projectkeeper.com.br\/fabio-correa-da-cruz\/\" data-pen-placeholder=\"Digite aqui...\" style=\"font-variant-ligatures: normal; font-variant-caps: normal; font-family: Roboto, sans-serif; font-size: 14px; font-style: normal; font-weight: 400; background-color: rgb(255, 255, 255); text-decoration: var( --e-global-typography-secondary-text-decoration );\">Cofundador e Head de Inova\u00e7\u00e3o<\/a><br><span style=\"font-family: Roboto, sans-serif; font-size: 11.9px; font-style: normal; font-variant-ligatures: normal; font-variant-caps: normal; font-weight: 400;\">ProjectKeeper 2020 <\/span>\u00a9  Todos os direitos reservados.<br><a data-elementor-setting-key=\"testimonial_job\" data-elementor-inline-editing-toolbar=\"none\" href=\"http:\/\/projectkeeper.com.br\/fabio-correa-da-cruz\/\" data-pen-placeholder=\"Digite aqui...\" style=\"font-variant-ligatures: normal; font-variant-caps: normal; font-size: 14px; font-style: normal; font-weight: 400; background-color: rgb(255, 255, 255); color: rgb(19, 175, 240); text-decoration: var( --e-global-typography-secondary-text-decoration );\"><h4 style=\"margin-bottom: 0px; font-variant-ligatures: normal; font-variant-caps: normal; line-height: 1.5; font-family: Roboto; font-size: 14px; font-style: normal; font-weight: normal; color: rgba(17, 17, 17, 0.6); letter-spacing: -0.05em; overflow-wrap: break-word; white-space: normal; -webkit-font-smoothing: antialiased !important;\">(a small self organized EdTech Startup consulting group)<\/h4><\/a><span style=\"font-variant-ligatures: normal; font-variant-caps: normal; font-family: Roboto, sans-serif; font-size: 11.9px; font-style: normal; font-weight: 400;\">CNPJ: <\/span><span style=\"font-variant-ligatures: normal; font-variant-caps: normal; font-family: Roboto, sans-serif; font-size: 11.9px; font-style: normal; font-weight: 400;\">36.361.928\/0001-49<\/span><\/a>\n\t\t\t\t\t\t\t\t\t\t\t\t\t<\/div>\n\t\t\t\t\t\t\t\t\t<\/div>\n\t\t\t<\/div>\n\t\t\t\t\t<\/div>\n\t\t\t\t<\/div>\n\t\t\t\t<\/div>\n\t\t\t\t\t\t<\/div>\n\t\t\t\t\t<\/div>\n\t\t<\/div>\n\t\t\t\t\t\t\t\t<\/div>\n\t\t\t\t\t<\/div>\n\t\t<\/section>\n\t\t\t\t<section class=\"elementor-section elementor-top-section elementor-element elementor-element-e326580 elementor-section-boxed elementor-section-height-default elementor-section-height-default\" data-id=\"e326580\" data-element_type=\"section\">\n\t\t\t\t\t\t<div class=\"elementor-container elementor-column-gap-default\">\n\t\t\t\t\t\t\t<div class=\"elementor-row\">\n\t\t\t\t\t<div class=\"elementor-column elementor-col-100 elementor-top-column elementor-element elementor-element-ac333e5\" data-id=\"ac333e5\" data-element_type=\"column\">\n\t\t\t<div class=\"elementor-column-wrap elementor-element-populated\">\n\t\t\t\t\t\t\t<div class=\"elementor-widget-wrap\">\n\t\t\t\t\t\t<div class=\"elementor-element elementor-element-64d4b99 elementor-widget__width-inherit elementor-fixed elementor-widget elementor-widget-wp-widget-ocean_custom_menu\" data-id=\"64d4b99\" data-element_type=\"widget\" data-settings=\"{&quot;_animation&quot;:&quot;none&quot;,&quot;_position&quot;:&quot;fixed&quot;}\" data-widget_type=\"wp-widget-ocean_custom_menu.default\">\n\t\t\t\t<div class=\"elementor-widget-container\">\n\t\t\t<style type=\"text\/css\">.ocean_custom_menu-REPLACE_TO_ID > ul > li > a, .custom-menu-widget .ocean_custom_menu-REPLACE_TO_ID .dropdown-menu .sub-menu li a.menu-link{padding:5px;color:#fff;font-size:16px;line-height:25px;letter-spacing:-1px;text-transform:uppercase;}.custom-menu-widget .ocean_custom_menu-REPLACE_TO_ID.oceanwp-custom-menu > ul.click-menu .open-this{color:#fff;font-size:16px;}<\/style><div class=\"oceanwp-custom-menu clr ocean_custom_menu-REPLACE_TO_ID right dropdown-hover\"><ul id=\"menu-principal\" class=\"dropdown-menu sf-menu\"><li  id=\"menu-item-234\" class=\"menu-item menu-item-type-post_type menu-item-object-page menu-item-home menu-item-234\"><a href=\"https:\/\/scaledinnovation.in\/ead\/\" class=\"menu-link\">ScaledInnovation<\/a><\/li>\n<li  id=\"menu-item-3714\" class=\"menu-item menu-item-type-post_type menu-item-object-page menu-item-3714\"><a href=\"https:\/\/scaledinnovation.in\/ead\/forum\/\" class=\"menu-link\">Forum<\/a><\/li>\n<\/ul><\/div>\t\t<\/div>\n\t\t\t\t<\/div>\n\t\t\t\t\t\t<\/div>\n\t\t\t\t\t<\/div>\n\t\t<\/div>\n\t\t\t\t\t\t\t\t<\/div>\n\t\t\t\t\t<\/div>\n\t\t<\/section>\n\t\t\t\t\t\t\t\t\t<\/div>\n\t\t\t<\/div>\n\t\t\t\t\t<\/div>\n\t\t","protected":false},"excerpt":{"rendered":"<p>ProjectKeeper EdTech Fabio Correa da Cruz Cofundador e Head de Inova\u00e7\u00e3oProjectKeeper 2020 \u00a9 Todos os direitos reservados. (a small self [&hellip;]<\/p>\n","protected":false},"author":1,"featured_media":0,"parent":0,"menu_order":0,"comment_status":"closed","ping_status":"closed","template":"","meta":{"_uag_custom_page_level_css":""},"yoast_head":"<!-- This site is optimized with the Yoast SEO plugin v20.1 - https:\/\/yoast.com\/wordpress\/plugins\/seo\/ -->\n<title>Carrinho | Scaled Innovation<\/title>\n<meta name=\"robots\" content=\"index, follow, max-snippet:-1, max-image-preview:large, max-video-preview:-1\" \/>\n<link rel=\"canonical\" href=\"https:\/\/scaledinnovation.in\/ead\/carrinho\/\" \/>\n<meta property=\"og:locale\" content=\"pt_BR\" \/>\n<meta property=\"og:type\" content=\"article\" \/>\n<meta property=\"og:title\" content=\"Carrinho | Scaled Innovation\" \/>\n<meta property=\"og:description\" content=\"ProjectKeeper EdTech Fabio Correa da Cruz Cofundador e Head de Inova\u00e7\u00e3oProjectKeeper 2020 \u00a9 Todos os direitos reservados. (a small self [&hellip;]\" \/>\n<meta property=\"og:url\" content=\"https:\/\/scaledinnovation.in\/ead\/carrinho\/\" \/>\n<meta property=\"og:site_name\" content=\"Scaled Innovation\" \/>\n<meta property=\"article:publisher\" content=\"https:\/\/facebook.com\/adesignstartup\" \/>\n<meta property=\"article:modified_time\" content=\"2020-08-31T06:02:03+00:00\" \/>\n<meta property=\"og:image\" content=\"https:\/\/scaledinnovation.in\/ead\/wp-content\/uploads\/2019\/11\/IMG-9083-scaled.jpg\" \/>\n<meta name=\"twitter:card\" content=\"summary_large_image\" \/>\n<meta name=\"twitter:site\" content=\"@ofabiocruz\" \/>\n<script type=\"application\/ld+json\" class=\"yoast-schema-graph\">{\"@context\":\"https:\/\/schema.org\",\"@graph\":[{\"@type\":\"WebPage\",\"@id\":\"https:\/\/scaledinnovation.in\/ead\/carrinho\/\",\"url\":\"https:\/\/scaledinnovation.in\/ead\/carrinho\/\",\"name\":\"Carrinho | Scaled Innovation\",\"isPartOf\":{\"@id\":\"https:\/\/scaledinnovation.in\/ead\/#website\"},\"datePublished\":\"2019-11-17T21:31:16+00:00\",\"dateModified\":\"2020-08-31T06:02:03+00:00\",\"breadcrumb\":{\"@id\":\"https:\/\/scaledinnovation.in\/ead\/carrinho\/#breadcrumb\"},\"inLanguage\":\"pt-BR\",\"potentialAction\":[{\"@type\":\"ReadAction\",\"target\":[\"https:\/\/scaledinnovation.in\/ead\/carrinho\/\"]}]},{\"@type\":\"BreadcrumbList\",\"@id\":\"https:\/\/scaledinnovation.in\/ead\/carrinho\/#breadcrumb\",\"itemListElement\":[{\"@type\":\"ListItem\",\"position\":1,\"name\":\"In\u00edcio\",\"item\":\"https:\/\/scaledinnovation.in\/ead\/\"},{\"@type\":\"ListItem\",\"position\":2,\"name\":\"Carrinho\"}]},{\"@type\":\"WebSite\",\"@id\":\"https:\/\/scaledinnovation.in\/ead\/#website\",\"url\":\"https:\/\/scaledinnovation.in\/ead\/\",\"name\":\"Scaled Innovation ADesign Startup\",\"description\":\"Somos uma Edtech de treinamentos e consultoria especializada em Implantar M\u00e9todos \u00c1geis em empresas, cultura de Inova\u00e7\u00e3o, Design Thinking e Sprint, Lean Startup, Agile, OKR, ARM, Scrum, Kanban, XP e Transforma\u00e7\u00e3o Digital.\",\"publisher\":{\"@id\":\"https:\/\/scaledinnovation.in\/ead\/#organization\"},\"potentialAction\":[{\"@type\":\"SearchAction\",\"target\":{\"@type\":\"EntryPoint\",\"urlTemplate\":\"https:\/\/scaledinnovation.in\/ead\/?s={search_term_string}\"},\"query-input\":\"required name=search_term_string\"}],\"inLanguage\":\"pt-BR\"},{\"@type\":\"Organization\",\"@id\":\"https:\/\/scaledinnovation.in\/ead\/#organization\",\"name\":\"Scaled Innovation\",\"url\":\"https:\/\/scaledinnovation.in\/ead\/\",\"logo\":{\"@type\":\"ImageObject\",\"inLanguage\":\"pt-BR\",\"@id\":\"https:\/\/scaledinnovation.in\/ead\/#\/schema\/logo\/image\/\",\"url\":\"https:\/\/scaledinnovation.in\/ead\/wp-content\/uploads\/2019\/11\/1-prjkeeper.jpg\",\"contentUrl\":\"https:\/\/scaledinnovation.in\/ead\/wp-content\/uploads\/2019\/11\/1-prjkeeper.jpg\",\"width\":450,\"height\":252,\"caption\":\"Scaled Innovation\"},\"image\":{\"@id\":\"https:\/\/scaledinnovation.in\/ead\/#\/schema\/logo\/image\/\"},\"sameAs\":[\"https:\/\/facebook.com\/adesignstartup\",\"https:\/\/twitter.com\/ofabiocruz\",\"https:\/\/www.instagram.com\/ofabiocruz\/\",\"https:\/\/www.linkedin.com\/company\/scaledinnovationin\",\"https:\/\/www.youtube.com\/channel\/UCCnglLVuO4RExmsh6k8RHdA\/\"]}]}<\/script>\n<!-- \/ Yoast SEO plugin. -->","yoast_head_json":{"title":"Carrinho | Scaled Innovation","robots":{"index":"index","follow":"follow","max-snippet":"max-snippet:-1","max-image-preview":"max-image-preview:large","max-video-preview":"max-video-preview:-1"},"canonical":"https:\/\/scaledinnovation.in\/ead\/carrinho\/","og_locale":"pt_BR","og_type":"article","og_title":"Carrinho | Scaled Innovation","og_description":"ProjectKeeper EdTech Fabio Correa da Cruz Cofundador e Head de Inova\u00e7\u00e3oProjectKeeper 2020 \u00a9 Todos os direitos reservados. (a small self [&hellip;]","og_url":"https:\/\/scaledinnovation.in\/ead\/carrinho\/","og_site_name":"Scaled Innovation","article_publisher":"https:\/\/facebook.com\/adesignstartup","article_modified_time":"2020-08-31T06:02:03+00:00","og_image":[{"url":"https:\/\/scaledinnovation.in\/ead\/wp-content\/uploads\/2019\/11\/IMG-9083-scaled.jpg"}],"twitter_card":"summary_large_image","twitter_site":"@ofabiocruz","schema":{"@context":"https:\/\/schema.org","@graph":[{"@type":"WebPage","@id":"https:\/\/scaledinnovation.in\/ead\/carrinho\/","url":"https:\/\/scaledinnovation.in\/ead\/carrinho\/","name":"Carrinho | Scaled Innovation","isPartOf":{"@id":"https:\/\/scaledinnovation.in\/ead\/#website"},"datePublished":"2019-11-17T21:31:16+00:00","dateModified":"2020-08-31T06:02:03+00:00","breadcrumb":{"@id":"https:\/\/scaledinnovation.in\/ead\/carrinho\/#breadcrumb"},"inLanguage":"pt-BR","potentialAction":[{"@type":"ReadAction","target":["https:\/\/scaledinnovation.in\/ead\/carrinho\/"]}]},{"@type":"BreadcrumbList","@id":"https:\/\/scaledinnovation.in\/ead\/carrinho\/#breadcrumb","itemListElement":[{"@type":"ListItem","position":1,"name":"In\u00edcio","item":"https:\/\/scaledinnovation.in\/ead\/"},{"@type":"ListItem","position":2,"name":"Carrinho"}]},{"@type":"WebSite","@id":"https:\/\/scaledinnovation.in\/ead\/#website","url":"https:\/\/scaledinnovation.in\/ead\/","name":"Scaled Innovation ADesign Startup","description":"Somos uma Edtech de treinamentos e consultoria especializada em Implantar M\u00e9todos \u00c1geis em empresas, cultura de Inova\u00e7\u00e3o, Design Thinking e Sprint, Lean Startup, Agile, OKR, ARM, Scrum, Kanban, XP e Transforma\u00e7\u00e3o Digital.","publisher":{"@id":"https:\/\/scaledinnovation.in\/ead\/#organization"},"potentialAction":[{"@type":"SearchAction","target":{"@type":"EntryPoint","urlTemplate":"https:\/\/scaledinnovation.in\/ead\/?s={search_term_string}"},"query-input":"required name=search_term_string"}],"inLanguage":"pt-BR"},{"@type":"Organization","@id":"https:\/\/scaledinnovation.in\/ead\/#organization","name":"Scaled Innovation","url":"https:\/\/scaledinnovation.in\/ead\/","logo":{"@type":"ImageObject","inLanguage":"pt-BR","@id":"https:\/\/scaledinnovation.in\/ead\/#\/schema\/logo\/image\/","url":"https:\/\/scaledinnovation.in\/ead\/wp-content\/uploads\/2019\/11\/1-prjkeeper.jpg","contentUrl":"https:\/\/scaledinnovation.in\/ead\/wp-content\/uploads\/2019\/11\/1-prjkeeper.jpg","width":450,"height":252,"caption":"Scaled Innovation"},"image":{"@id":"https:\/\/scaledinnovation.in\/ead\/#\/schema\/logo\/image\/"},"sameAs":["https:\/\/facebook.com\/adesignstartup","https:\/\/twitter.com\/ofabiocruz","https:\/\/www.instagram.com\/ofabiocruz\/","https:\/\/www.linkedin.com\/company\/scaledinnovationin","https:\/\/www.youtube.com\/channel\/UCCnglLVuO4RExmsh6k8RHdA\/"]}]}},"uagb_featured_image_src":{"full":false,"thumbnail":false,"medium":false,"medium_large":false,"large":false,"1536x1536":false,"2048x2048":false,"ocean-thumb-m":false,"ocean-thumb-ml":false,"ocean-thumb-l":false,"woocommerce_thumbnail":false,"woocommerce_single":false,"woocommerce_gallery_thumbnail":false},"uagb_author_info":{"display_name":"adminpk","author_link":"https:\/\/scaledinnovation.in\/ead\/author\/adminpk\/"},"uagb_comment_info":0,"uagb_excerpt":"ProjectKeeper EdTech Fabio Correa da Cruz Cofundador e Head de Inova\u00e7\u00e3oProjectKeeper 2020 \u00a9 Todos os direitos reservados. (a small self [&hellip;]","_links":{"self":[{"href":"https:\/\/scaledinnovation.in\/ead\/wp-json\/wp\/v2\/pages\/76"}],"collection":[{"href":"https:\/\/scaledinnovation.in\/ead\/wp-json\/wp\/v2\/pages"}],"about":[{"href":"https:\/\/scaledinnovation.in\/ead\/wp-json\/wp\/v2\/types\/page"}],"author":[{"embeddable":true,"href":"https:\/\/scaledinnovation.in\/ead\/wp-json\/wp\/v2\/users\/1"}],"replies":[{"embeddable":true,"href":"https:\/\/scaledinnovation.in\/ead\/wp-json\/wp\/v2\/comments?post=76"}],"version-history":[{"count":3,"href":"https:\/\/scaledinnovation.in\/ead\/wp-json\/wp\/v2\/pages\/76\/revisions"}],"predecessor-version":[{"id":2667,"href":"https:\/\/scaledinnovation.in\/ead\/wp-json\/wp\/v2\/pages\/76\/revisions\/2667"}],"wp:attachment":[{"href":"https:\/\/scaledinnovation.in\/ead\/wp-json\/wp\/v2\/media?parent=76"}],"curies":[{"name":"wp","href":"https:\/\/api.w.org\/{rel}","templated":true}]}}